{"id":4735,"date":"2024-04-05T14:45:34","date_gmt":"2024-04-05T12:45:34","guid":{"rendered":"https:\/\/loano2village.digiside.it\/tagungen-und-konferenzen\/lage\/"},"modified":"2026-04-20T16:17:32","modified_gmt":"2026-04-20T14:17:32","slug":"lage","status":"publish","type":"page","link":"https:\/\/www.loano2village.it\/de\/tagungen-und-konferenzen\/lage\/","title":{"rendered":"Lage"},"content":{"rendered":"\t\t<div data-elementor-type=\"wp-page\" data-elementor-id=\"4735\" class=\"elementor elementor-4735 elementor-339\" data-elementor-post-type=\"page\">\n\t\t\t\t<div class=\"elementor-element elementor-element-c7b839d e-con-full e-flex e-con e-parent\" data-id=\"c7b839d\" data-element_type=\"container\" data-e-type=\"container\" data-settings=\"{&quot;background_background&quot;:&quot;classic&quot;,&quot;jet_parallax_layout_list&quot;:[]}\">\n\t\t<div class=\"elementor-element elementor-element-d5dace0 e-flex e-con-boxed e-con e-child\" data-id=\"d5dace0\" data-element_type=\"container\" data-e-type=\"container\" data-settings=\"{&quot;jet_parallax_layout_list&quot;:[]}\">\n\t\t\t\t\t<div class=\"e-con-inner\">\n\t\t\t\t<div class=\"elementor-element elementor-element-08327e3 elementor-widget elementor-widget-heading\" data-id=\"08327e3\" data-element_type=\"widget\" data-e-type=\"widget\" data-widget_type=\"heading.default\">\n\t\t\t\t<div class=\"elementor-widget-container\">\n\t\t\t\t\t<h1 class=\"elementor-heading-title elementor-size-default\">Lage<\/h1>\t\t\t\t<\/div>\n\t\t\t\t<\/div>\n\t\t\t\t<div class=\"elementor-element elementor-element-a5b200f elementor-widget elementor-widget-heading\" data-id=\"a5b200f\" data-element_type=\"widget\" data-e-type=\"widget\" data-widget_type=\"heading.default\">\n\t\t\t\t<div class=\"elementor-widget-container\">\n\t\t\t\t\t<div class=\"elementor-heading-title elementor-size-default\">im Herzen der ligurischen Riviera<\/div>\t\t\t\t<\/div>\n\t\t\t\t<\/div>\n\t\t\t\t\t<\/div>\n\t\t\t\t<\/div>\n\t\t\t\t<\/div>\n\t\t<div class=\"elementor-element elementor-element-39d46ba4 e-con-full elementor-hidden-tablet_extra elementor-hidden-tablet elementor-hidden-mobile_extra elementor-hidden-mobile fascia-booking e-flex e-con e-parent\" data-id=\"39d46ba4\" data-element_type=\"container\" data-e-type=\"container\" data-settings=\"{&quot;jet_parallax_layout_list&quot;:[],&quot;background_background&quot;:&quot;classic&quot;,&quot;sticky&quot;:&quot;top&quot;,&quot;sticky_on&quot;:[&quot;desktop&quot;,&quot;laptop&quot;,&quot;tablet_extra&quot;,&quot;tablet&quot;,&quot;mobile_extra&quot;,&quot;mobile&quot;],&quot;sticky_offset&quot;:0,&quot;sticky_effects_offset&quot;:0,&quot;sticky_anchor_link_offset&quot;:0}\">\n\t\t\t\t<div class=\"elementor-element elementor-element-10c8eaf2 elementor-widget__width-inherit elementor-widget elementor-widget-global elementor-global-9547 elementor-global-4941 elementor-widget-html\" data-id=\"10c8eaf2\" data-element_type=\"widget\" data-e-type=\"widget\" id=\"vbooking\" data-widget_type=\"html.default\">\n\t\t\t\t<div class=\"elementor-widget-container\">\n\t\t\t\t\t<script type=\"text\/javascript\">\r\n(function (i, s, o, g, r, a, m) {\r\n    i['SBSyncroBoxParam'] = r; i[r] = i[r] || function () {\r\n        (i[r].q = i[r].q || []).push(arguments)\r\n    }, i[r].l = 1 * new Date(); a = s.createElement(o),\r\n    m = s.getElementsByTagName(o)[0]; a.async = 1; a.src = g; m.parentNode.insertBefore(a, m)\r\n})(window, document, 'script', 'https:\/\/cdn.simplebooking.it\/search-box-script.axd?IDA=11367','SBSyncroBox');\r\n\r\nSBSyncroBox({\r\n    CodLang: 'DE',\r\n\t\/\/Checkin: '2026-04-23',\r\n        Styles: {\r\n            Theme: \"light-pink\",\r\n            CustomBGColor: \"transparent\",   \/\/background color\r\n            CustomLabelColor: \"#fff\",   \/\/labels color\r\n            CustomWidgetColor: \"transaparent\",   \/\/popovers text color\r\n            \/\/CustomButtonBGColor: \"#afc3b9\",\r\n            \/\/CustomButtonHoverBGColor: \"#afc3b9\",\r\n            \/\/CustomIconColor: \"#afc3b9\",\r\n            CustomButtonBGColor: \"#5DABAA\",\r\n            CustomButtonHoverBGColor: \"#5DABAA\",\r\n            CustomIconColor: \"#5DABAA\",\r\n            CustomLinkColor: \"#fff\",\r\n            FontFamily: 'Open Sans',\r\n            CustomColor: \"#808285\",\r\n            CustomColorHover: \"#808285\",\r\n            CustomAccentColor: \"#808285\",\r\n          \/*  CustomBoxShadowColorFocus: \"#afc3b9\",*\/\r\n            CustomBoxShadowColorFocus: \"#5DABAA\",\r\n        },\r\n});\r\n<\/script>\r\n\r\n<div id=\"sb-container\"><p style=\"color:#fff;\">Loading...<\/p><\/div>\r\n\r\n<style>\r\n.sb__form {\r\n    display: flex;\r\n    flex-direction: row;\r\n    flex-wrap: nowrap;\r\n    align-content: center;\r\n    justify-content: center;\r\n    align-items: flex-end;\r\n}\r\n.sb__dates {\r\n    display: flex!important;\r\n    flex-direction: row!important;\r\n    flex-wrap: nowrap!important;\r\n}\r\n.sb__guests-rooms {\r\n    margin-top: 0px!important;\r\n}\r\n.sb {\r\n    padding: 15px 80px!important;\r\n}\r\n\r\n.fascia-booking{\r\n    overflow: visible !important;\r\n}\r\n#sb-container .sb-custom-button-color {\r\n    text-align: center !important;\r\n    border-radius:15px;\r\n}\r\n\r\n\r\n@media (max-width: 399px) {\r\n\r\n}\r\n\r\n@media (min-width: 400px) and (max-width: 639px) {\r\n\r\n}\r\n\r\n@media (min-width: 640px) and (max-width: 767px) {\r\n\r\n}\r\n\r\n@media (min-width: 768px) and (max-width: 991px ) {\r\n\r\n}\r\n\r\n@media (min-width: 992px) and (max-width:1199px) {\r\n\r\n}\r\n\r\n@media (min-width: 1200px) and (max-width:1280px) {\r\n\r\n}\r\n\r\n@media (min-width: 1281px) and (max-width:1440px) {\r\n\r\n}\r\n\r\n@media (min-width: 1441px) and (max-width:1680px) {\r\n\r\n}\r\n\r\n@media (min-width: 2000px) {\r\n\r\n}\r\n\r\n<\/style>\t\t\t\t<\/div>\n\t\t\t\t<\/div>\n\t\t\t\t<\/div>\n\t\t<div class=\"elementor-element elementor-element-f66b2d2 elementor-hidden-mobile_extra elementor-hidden-mobile e-flex e-con-boxed e-con e-parent\" data-id=\"f66b2d2\" data-element_type=\"container\" data-e-type=\"container\" data-settings=\"{&quot;background_background&quot;:&quot;classic&quot;,&quot;jet_parallax_layout_list&quot;:[],&quot;sticky&quot;:&quot;top&quot;,&quot;sticky_offset&quot;:80,&quot;sticky_on&quot;:[&quot;desktop&quot;,&quot;laptop&quot;,&quot;tablet_extra&quot;,&quot;tablet&quot;,&quot;mobile_extra&quot;,&quot;mobile&quot;],&quot;sticky_effects_offset&quot;:0,&quot;sticky_anchor_link_offset&quot;:0}\">\n\t\t\t\t\t<div class=\"e-con-inner\">\n\t\t\t\t<div class=\"elementor-element elementor-element-5de1343 elementor-nav-menu__align-center elementor-nav-menu--dropdown-none elementor-widget elementor-widget-nav-menu\" data-id=\"5de1343\" data-element_type=\"widget\" data-e-type=\"widget\" data-settings=\"{&quot;layout&quot;:&quot;horizontal&quot;,&quot;submenu_icon&quot;:{&quot;value&quot;:&quot;&lt;svg aria-hidden=\\&quot;true\\&quot; class=\\&quot;e-font-icon-svg e-fas-caret-down\\&quot; viewBox=\\&quot;0 0 320 512\\&quot; xmlns=\\&quot;http:\\\/\\\/www.w3.org\\\/2000\\\/svg\\&quot;&gt;&lt;path d=\\&quot;M31.3 192h257.3c17.8 0 26.7 21.5 14.1 34.1L174.1 354.8c-7.8 7.8-20.5 7.8-28.3 0L17.2 226.1C4.6 213.5 13.5 192 31.3 192z\\&quot;&gt;&lt;\\\/path&gt;&lt;\\\/svg&gt;&quot;,&quot;library&quot;:&quot;fa-solid&quot;}}\" data-widget_type=\"nav-menu.default\">\n\t\t\t\t<div class=\"elementor-widget-container\">\n\t\t\t\t\t\t\t\t<nav aria-label=\"Menu\" class=\"elementor-nav-menu--main elementor-nav-menu__container elementor-nav-menu--layout-horizontal e--pointer-underline e--animation-fade\">\n\t\t\t\t<ul id=\"menu-1-5de1343\" class=\"elementor-nav-menu\"><li class=\"menu-item menu-item-type-post_type menu-item-object-page menu-item-4792\"><a href=\"https:\/\/www.loano2village.it\/de\/tagungen-und-konferenzen\/\" class=\"elementor-item\">Tagungen und Konferenzen<\/a><\/li>\n<li class=\"menu-item menu-item-type-post_type menu-item-object-page menu-item-4793\"><a href=\"https:\/\/www.loano2village.it\/de\/tagungen-und-konferenzen\/bankett\/\" class=\"elementor-item\">Bankett<\/a><\/li>\n<li class=\"menu-item menu-item-type-post_type menu-item-object-page menu-item-4794\"><a href=\"https:\/\/www.loano2village.it\/de\/tagungen-und-konferenzen\/meeting-pakete\/\" class=\"elementor-item\">Meeting-Pakete<\/a><\/li>\n<li class=\"menu-item menu-item-type-post_type menu-item-object-page menu-item-4795\"><a href=\"https:\/\/www.loano2village.it\/de\/tagungen-und-konferenzen\/lage\/\" class=\"elementor-item\">Lage<\/a><\/li>\n<\/ul>\t\t\t<\/nav>\n\t\t\t\t\t\t<nav class=\"elementor-nav-menu--dropdown elementor-nav-menu__container\" aria-hidden=\"true\">\n\t\t\t\t<ul id=\"menu-2-5de1343\" class=\"elementor-nav-menu\"><li class=\"menu-item menu-item-type-post_type menu-item-object-page menu-item-4792\"><a href=\"https:\/\/www.loano2village.it\/de\/tagungen-und-konferenzen\/\" class=\"elementor-item\" tabindex=\"-1\">Tagungen und Konferenzen<\/a><\/li>\n<li class=\"menu-item menu-item-type-post_type menu-item-object-page menu-item-4793\"><a href=\"https:\/\/www.loano2village.it\/de\/tagungen-und-konferenzen\/bankett\/\" class=\"elementor-item\" tabindex=\"-1\">Bankett<\/a><\/li>\n<li class=\"menu-item menu-item-type-post_type menu-item-object-page menu-item-4794\"><a href=\"https:\/\/www.loano2village.it\/de\/tagungen-und-konferenzen\/meeting-pakete\/\" class=\"elementor-item\" tabindex=\"-1\">Meeting-Pakete<\/a><\/li>\n<li class=\"menu-item menu-item-type-post_type menu-item-object-page menu-item-4795\"><a href=\"https:\/\/www.loano2village.it\/de\/tagungen-und-konferenzen\/lage\/\" class=\"elementor-item\" tabindex=\"-1\">Lage<\/a><\/li>\n<\/ul>\t\t\t<\/nav>\n\t\t\t\t\t\t<\/div>\n\t\t\t\t<\/div>\n\t\t\t\t\t<\/div>\n\t\t\t\t<\/div>\n\t\t<div class=\"elementor-element elementor-element-af42cdb e-flex e-con-boxed e-con e-parent\" data-id=\"af42cdb\" data-element_type=\"container\" data-e-type=\"container\" data-settings=\"{&quot;jet_parallax_layout_list&quot;:[{&quot;_id&quot;:&quot;8999839&quot;,&quot;jet_parallax_layout_image&quot;:{&quot;url&quot;:&quot;https:\\\/\\\/www.loano2village.it\\\/wp-content\\\/uploads\\\/2024\\\/04\\\/logo-bg-1.png&quot;,&quot;id&quot;:271,&quot;size&quot;:&quot;&quot;,&quot;alt&quot;:&quot;&quot;,&quot;source&quot;:&quot;library&quot;},&quot;jet_parallax_layout_bg_x&quot;:110,&quot;jet_parallax_layout_bg_y&quot;:0,&quot;jet_parallax_layout_image_laptop&quot;:{&quot;url&quot;:&quot;&quot;,&quot;id&quot;:&quot;&quot;,&quot;size&quot;:&quot;&quot;},&quot;jet_parallax_layout_image_tablet_extra&quot;:{&quot;url&quot;:&quot;&quot;,&quot;id&quot;:&quot;&quot;,&quot;size&quot;:&quot;&quot;},&quot;jet_parallax_layout_image_tablet&quot;:{&quot;url&quot;:&quot;&quot;,&quot;id&quot;:&quot;&quot;,&quot;size&quot;:&quot;&quot;},&quot;jet_parallax_layout_image_mobile_extra&quot;:{&quot;url&quot;:&quot;&quot;,&quot;id&quot;:&quot;&quot;,&quot;size&quot;:&quot;&quot;},&quot;jet_parallax_layout_image_mobile&quot;:{&quot;url&quot;:&quot;&quot;,&quot;id&quot;:&quot;&quot;,&quot;size&quot;:&quot;&quot;},&quot;jet_parallax_layout_speed&quot;:{&quot;unit&quot;:&quot;%&quot;,&quot;size&quot;:50,&quot;sizes&quot;:[]},&quot;jet_parallax_layout_type&quot;:&quot;scroll&quot;,&quot;jet_parallax_layout_direction&quot;:&quot;1&quot;,&quot;jet_parallax_layout_fx_direction&quot;:null,&quot;jet_parallax_layout_z_index&quot;:&quot;&quot;,&quot;jet_parallax_layout_bg_x_laptop&quot;:&quot;&quot;,&quot;jet_parallax_layout_bg_x_tablet_extra&quot;:&quot;&quot;,&quot;jet_parallax_layout_bg_x_tablet&quot;:&quot;&quot;,&quot;jet_parallax_layout_bg_x_mobile_extra&quot;:&quot;&quot;,&quot;jet_parallax_layout_bg_x_mobile&quot;:&quot;&quot;,&quot;jet_parallax_layout_bg_y_laptop&quot;:&quot;&quot;,&quot;jet_parallax_layout_bg_y_tablet_extra&quot;:&quot;&quot;,&quot;jet_parallax_layout_bg_y_tablet&quot;:&quot;&quot;,&quot;jet_parallax_layout_bg_y_mobile_extra&quot;:&quot;&quot;,&quot;jet_parallax_layout_bg_y_mobile&quot;:&quot;&quot;,&quot;jet_parallax_layout_bg_size&quot;:&quot;auto&quot;,&quot;jet_parallax_layout_bg_size_laptop&quot;:&quot;&quot;,&quot;jet_parallax_layout_bg_size_tablet_extra&quot;:&quot;&quot;,&quot;jet_parallax_layout_bg_size_tablet&quot;:&quot;&quot;,&quot;jet_parallax_layout_bg_size_mobile_extra&quot;:&quot;&quot;,&quot;jet_parallax_layout_bg_size_mobile&quot;:&quot;&quot;,&quot;jet_parallax_layout_animation_prop&quot;:&quot;transform&quot;,&quot;jet_parallax_layout_on&quot;:[&quot;desktop&quot;,&quot;tablet&quot;]}]}\">\n\t\t\t\t\t<div class=\"e-con-inner\">\n\t\t<div class=\"elementor-element elementor-element-455b831 e-grid e-con-boxed e-con e-child\" data-id=\"455b831\" data-element_type=\"container\" data-e-type=\"container\" data-settings=\"{&quot;jet_parallax_layout_list&quot;:[]}\">\n\t\t\t\t\t<div class=\"e-con-inner\">\n\t\t<div class=\"elementor-element elementor-element-59b2874 e-flex e-con-boxed e-con e-child\" data-id=\"59b2874\" data-element_type=\"container\" data-e-type=\"container\" data-settings=\"{&quot;jet_parallax_layout_list&quot;:[]}\">\n\t\t\t\t\t<div class=\"e-con-inner\">\n\t\t\t\t<div class=\"elementor-element elementor-element-d0c3471 elementor-skin-carousel elementor-arrows-yes elementor-widget elementor-widget-media-carousel\" data-id=\"d0c3471\" data-element_type=\"widget\" data-e-type=\"widget\" data-settings=\"{&quot;slides_per_view&quot;:&quot;1&quot;,&quot;slides_per_view_laptop&quot;:&quot;1&quot;,&quot;slides_per_view_tablet_extra&quot;:&quot;1&quot;,&quot;slides_per_view_tablet&quot;:&quot;1&quot;,&quot;slides_per_view_mobile_extra&quot;:&quot;1&quot;,&quot;slides_to_scroll&quot;:&quot;1&quot;,&quot;slides_to_scroll_laptop&quot;:&quot;1&quot;,&quot;slides_to_scroll_tablet_extra&quot;:&quot;1&quot;,&quot;slides_to_scroll_tablet&quot;:&quot;1&quot;,&quot;slides_to_scroll_mobile_extra&quot;:&quot;1&quot;,&quot;skin&quot;:&quot;carousel&quot;,&quot;effect&quot;:&quot;slide&quot;,&quot;show_arrows&quot;:&quot;yes&quot;,&quot;speed&quot;:500,&quot;autoplay&quot;:&quot;yes&quot;,&quot;autoplay_speed&quot;:5000,&quot;loop&quot;:&quot;yes&quot;,&quot;pause_on_hover&quot;:&quot;yes&quot;,&quot;pause_on_interaction&quot;:&quot;yes&quot;,&quot;space_between&quot;:{&quot;unit&quot;:&quot;px&quot;,&quot;size&quot;:10,&quot;sizes&quot;:[]},&quot;space_between_laptop&quot;:{&quot;unit&quot;:&quot;px&quot;,&quot;size&quot;:10,&quot;sizes&quot;:[]},&quot;space_between_tablet_extra&quot;:{&quot;unit&quot;:&quot;px&quot;,&quot;size&quot;:10,&quot;sizes&quot;:[]},&quot;space_between_tablet&quot;:{&quot;unit&quot;:&quot;px&quot;,&quot;size&quot;:10,&quot;sizes&quot;:[]},&quot;space_between_mobile_extra&quot;:{&quot;unit&quot;:&quot;px&quot;,&quot;size&quot;:10,&quot;sizes&quot;:[]},&quot;space_between_mobile&quot;:{&quot;unit&quot;:&quot;px&quot;,&quot;size&quot;:10,&quot;sizes&quot;:[]}}\" data-widget_type=\"media-carousel.default\">\n\t\t\t\t<div class=\"elementor-widget-container\">\n\t\t\t\t\t\t\t\t\t<div class=\"elementor-swiper\">\n\t\t\t\t\t<div class=\"elementor-main-swiper swiper\" role=\"region\" aria-roledescription=\"carousel\" aria-label=\"Slides\">\n\t\t\t\t<div class=\"swiper-wrapper\">\n\t\t\t\t\t\t\t\t\t\t\t<div class=\"swiper-slide\" role=\"group\" aria-roledescription=\"slide\">\n\t\t\t\t\t\t\t\t\t<div class=\"elementor-carousel-image\" role=\"img\" aria-label=\"Servizi esclusivi per gli ospiti\" style=\"background-image: url(&#039;https:\/\/www.loano2village.it\/wp-content\/uploads\/2024\/04\/Servizi-esclusivi-per-gli-ospiti.jpg&#039;)\">\n\n\t\t\t\n\t\t\t\t\t<\/div>\n\t\t\t\t\t\t\t\t<\/div>\n\t\t\t\t\t\t\t\t\t<\/div>\n\t\t\t\t\t\t\t<\/div>\n\t\t\t\t<\/div>\n\t\t\t\t\t\t\t\t<\/div>\n\t\t\t\t<\/div>\n\t\t\t\t\t<\/div>\n\t\t\t\t<\/div>\n\t\t<div class=\"elementor-element elementor-element-2b34d7f animated-slow e-flex e-con-boxed elementor-invisible e-con e-child\" data-id=\"2b34d7f\" data-element_type=\"container\" data-e-type=\"container\" data-settings=\"{&quot;jet_parallax_layout_list&quot;:[],&quot;animation&quot;:&quot;fadeIn&quot;}\">\n\t\t\t\t\t<div class=\"e-con-inner\">\n\t\t\t\t<div class=\"elementor-element elementor-element-7b88807 elementor-widget elementor-widget-jet-unfold\" data-id=\"7b88807\" data-element_type=\"widget\" data-e-type=\"widget\" data-settings=\"{&quot;mask_height&quot;:{&quot;unit&quot;:&quot;px&quot;,&quot;size&quot;:420,&quot;sizes&quot;:[]},&quot;mask_height_tablet_extra&quot;:{&quot;unit&quot;:&quot;px&quot;,&quot;size&quot;:430,&quot;sizes&quot;:[]},&quot;mask_height_tablet&quot;:{&quot;unit&quot;:&quot;px&quot;,&quot;size&quot;:350,&quot;sizes&quot;:[]},&quot;mask_height_mobile_extra&quot;:{&quot;unit&quot;:&quot;px&quot;,&quot;size&quot;:440,&quot;sizes&quot;:[]},&quot;mask_height_laptop&quot;:{&quot;unit&quot;:&quot;px&quot;,&quot;size&quot;:450,&quot;sizes&quot;:[]},&quot;mask_height_mobile&quot;:{&quot;unit&quot;:&quot;px&quot;,&quot;size&quot;:462,&quot;sizes&quot;:[]},&quot;unfold_duration&quot;:{&quot;unit&quot;:&quot;ms&quot;,&quot;size&quot;:500,&quot;sizes&quot;:[]},&quot;unfold_easing&quot;:&quot;easeOutBack&quot;,&quot;fold_duration&quot;:{&quot;unit&quot;:&quot;ms&quot;,&quot;size&quot;:300,&quot;sizes&quot;:[]},&quot;fold_easing&quot;:&quot;easeOutSine&quot;}\" data-widget_type=\"jet-unfold.default\">\n\t\t\t\t<div class=\"elementor-widget-container\">\n\t\t\t\t\t\t\t<div class=\"jet-unfold \" data-settings=\"{&quot;height&quot;:{&quot;size&quot;:420,&quot;unit&quot;:&quot;px&quot;},&quot;separatorHeight&quot;:{&quot;unit&quot;:&quot;px&quot;,&quot;size&quot;:0,&quot;sizes&quot;:[]},&quot;heightControlType&quot;:&quot;height&quot;,&quot;wordCount&quot;:20,&quot;unfoldDuration&quot;:{&quot;unit&quot;:&quot;ms&quot;,&quot;size&quot;:500,&quot;sizes&quot;:[]},&quot;foldDuration&quot;:{&quot;unit&quot;:&quot;ms&quot;,&quot;size&quot;:300,&quot;sizes&quot;:[]},&quot;unfoldEasing&quot;:&quot;easeOutBack&quot;,&quot;foldEasing&quot;:&quot;easeOutSine&quot;,&quot;foldScrolling&quot;:&quot;&quot;,&quot;hideOutsideClick&quot;:&quot;&quot;,&quot;autoHide&quot;:&quot;&quot;,&quot;autoHideTime&quot;:&quot;&quot;,&quot;foldScrollOffset&quot;:&quot;&quot;,&quot;separatorType&quot;:&quot;div&quot;}\">\r\n\t\t\t<div class=\"jet-unfold__inner\">\r\n\t\t\t\t<div class=\"jet-unfold__mask\" style=\"height:420px\">\r\n\t\t\t\t\t<div class=\"jet-unfold__content\">\r\n\t\t\t\t\t\t<div class=\"jet-unfold__content-inner elementor-text-editor elementor-clearfix\"><p><strong>Loano 2 Village<\/strong> liegt strategisch g\u00fcnstig in Bezug auf die wichtigsten St\u00e4dte Norditaliens.<\/p><p>Das Hotel liegt etwa 4 km von der <strong> Autobahn A10<\/strong>, 80 km vom <strong> Flughafen Genua-Cristoforo Colombo<\/strong> und 120 km vom <strong>internationalen Flughafen Nizza-C\u00f4te d&#8217;Azur <\/strong> entfernt, <strong>zwei Autostunden<\/strong> von <strong>Milano<\/strong> und <strong>1 Stunde und 40 Minuten<\/strong> von <strong>Turin<\/strong> und der Langhe-Region.<\/p><p>Das <strong>Resort <\/strong> liegt in einer ruhigen Wohngegend etwa 1,5 km vom Zentrum und den <strong>Str\u00e4nden von Loano <\/strong> entfernt, verf\u00fcgt \u00fcber zahlreiche <strong>Parkpl\u00e4tze in der Garage<\/strong> und vor dem Eingang gibt es einen gro\u00dfen <strong>kostenlosen Parkplatz und bequeme Parkpl\u00e4tze f\u00fcr Busse<\/strong>.<\/p><\/div>\r\n\t\t\t\t\t<\/div>\r\n\t\t\t\t\t\t\t\t\t\t<div class=\"jet-unfold__separator\"><\/div>\r\n\t\t\t\t\t\t\t\t\t<\/div>\r\n\t\t\t\t<div class=\"jet-unfold__trigger\"><div class=\"jet-unfold__button elementor-button elementor-size-md\" href=\"#\" data-unfold-text=\"Fortsetzung\" data-fold-text=\"ausblenden\" data-fold-icon=\"\" data-unfold-icon=\"\" tabindex=\"0\" role=\"button\"><span class=\"jet-unfold__button-icon jet-tricks-icon\"><\/span><span class=\"jet-unfold__button-text\">Fortsetzung<\/span><\/div>\t\t\t\t<\/div>\r\n\t\t\t<\/div>\r\n\t\t<\/div>\r\n\t\t\t\t\t\t<\/div>\n\t\t\t\t<\/div>\n\t\t\t\t<div class=\"elementor-element elementor-element-03d31b3 elementor-align-left elementor-invisible elementor-widget elementor-widget-button\" data-id=\"03d31b3\" data-element_type=\"widget\" data-e-type=\"widget\" data-settings=\"{&quot;_animation&quot;:&quot;fadeIn&quot;}\" data-widget_type=\"button.default\">\n\t\t\t\t<div class=\"elementor-widget-container\">\n\t\t\t\t\t\t\t\t\t<div class=\"elementor-button-wrapper\">\n\t\t\t\t\t<a class=\"elementor-button elementor-button-link elementor-size-sm\" href=\"https:\/\/www.loano2village.it\/de\/kontakt\/wie-sie-uns-erreichen\/\">\n\t\t\t\t\t\t<span class=\"elementor-button-content-wrapper\">\n\t\t\t\t\t\t\t\t\t<span class=\"elementor-button-text\">Wie kommt man<\/span>\n\t\t\t\t\t<\/span>\n\t\t\t\t\t<\/a>\n\t\t\t\t<\/div>\n\t\t\t\t\t\t\t\t<\/div>\n\t\t\t\t<\/div>\n\t\t\t\t\t<\/div>\n\t\t\t\t<\/div>\n\t\t\t\t\t<\/div>\n\t\t\t\t<\/div>\n\t\t\t\t\t<\/div>\n\t\t\t\t<\/div>\n\t\t\t\t<\/div>\n\t\t","protected":false},"excerpt":{"rendered":"<p>Lage im Herzen der ligurischen Riviera Arrivo Partenza Camere 12345678910 Adulti 12345678910 Bambini 012345678910 Codice promo Loano 2 Village liegt strategisch g\u00fcnstig in Bezug auf die wichtigsten St\u00e4dte Norditaliens. Das Hotel liegt etwa 4 km von der Autobahn A10, 80 km vom Flughafen Genua-Cristoforo Colombo und 120 km vom internationalen Flughafen Nizza-C\u00f4te d&#8217;Azur entfernt, zwei [&hellip;]<\/p>\n","protected":false},"author":1,"featured_media":0,"parent":4729,"menu_order":0,"comment_status":"closed","ping_status":"closed","template":"","meta":{"_jet_sm_ready_style":"","_jet_sm_style":"","_jet_sm_controls_values":"","_jet_sm_fonts_collection":"","_jet_sm_fonts_links":"","footnotes":""},"class_list":["post-4735","page","type-page","status-publish","hentry"],"_links":{"self":[{"href":"https:\/\/www.loano2village.it\/de\/wp-json\/wp\/v2\/pages\/4735","targetHints":{"allow":["GET"]}}],"collection":[{"href":"https:\/\/www.loano2village.it\/de\/wp-json\/wp\/v2\/pages"}],"about":[{"href":"https:\/\/www.loano2village.it\/de\/wp-json\/wp\/v2\/types\/page"}],"author":[{"embeddable":true,"href":"https:\/\/www.loano2village.it\/de\/wp-json\/wp\/v2\/users\/1"}],"replies":[{"embeddable":true,"href":"https:\/\/www.loano2village.it\/de\/wp-json\/wp\/v2\/comments?post=4735"}],"version-history":[{"count":5,"href":"https:\/\/www.loano2village.it\/de\/wp-json\/wp\/v2\/pages\/4735\/revisions"}],"predecessor-version":[{"id":9492,"href":"https:\/\/www.loano2village.it\/de\/wp-json\/wp\/v2\/pages\/4735\/revisions\/9492"}],"up":[{"embeddable":true,"href":"https:\/\/www.loano2village.it\/de\/wp-json\/wp\/v2\/pages\/4729"}],"wp:attachment":[{"href":"https:\/\/www.loano2village.it\/de\/wp-json\/wp\/v2\/media?parent=4735"}],"curies":[{"name":"wp","href":"https:\/\/api.w.org\/{rel}","templated":true}]}}